{"id":1001,"date":"2025-05-15T15:13:00","date_gmt":"2025-05-15T18:13:00","guid":{"rendered":"http:\/\/localhost\/stock\/?page_id=1001"},"modified":"2025-07-11T15:24:58","modified_gmt":"2025-07-11T18:24:58","slug":"politica-de-privacidade","status":"publish","type":"page","link":"https:\/\/wanessarodrigues.com\/client\/stock\/politica-de-privacidade\/","title":{"rendered":"Pol\u00edtica de privacidade"},"content":{"rendered":"\n<p>Na STOCK Equipamentos, a privacidade e a seguran\u00e7a dos dados dos nossos clientes s\u00e3o prioridades. Por isso, tratamos suas informa\u00e7\u00f5es com responsabilidade, transpar\u00eancia e respeito.<\/p>\n\n\n\n<p>Coletamos os dados pessoais no momento da venda exclusivamente para fins fiscais e operacionais, conforme determina a legisla\u00e7\u00e3o vigente. Eventualmente, as informa\u00e7\u00f5es de cadastro poder\u00e3o ser utilizadas para o envio de comunica\u00e7\u00f5es de marketing, divulga\u00e7\u00e3o de produtos, promo\u00e7\u00f5es e novidades da empresa.<\/p>\n\n\n\n<p>As informa\u00e7\u00f5es fornecidas s\u00e3o mantidas em sigilo e n\u00e3o ser\u00e3o compartilhadas com terceiros, exceto quando houver obriga\u00e7\u00e3o legal. Caso deseje atualizar ou remover seus dados pessoais, entre em contato conosco pelo e-mail: <a href=\"mailto:sac@stockonline.com.br\">sac@stockonline.com.br<\/a>.<\/p>\n","protected":false},"excerpt":{"rendered":"<p>Na STOCK Equipamentos, a privacidade e a seguran\u00e7a dos dados dos nossos clientes s\u00e3o prioridades. Por isso, tratamos suas informa\u00e7\u00f5es com responsabilidade, transpar\u00eancia e respeito. Coletamos os dados pessoais no momento da venda exclusivamente para fins fiscais e operacionais, conforme determina a legisla\u00e7\u00e3o vigente. Eventualmente, as informa\u00e7\u00f5es de cadastro poder\u00e3o ser utilizadas para o envio <a href=\"https:\/\/wanessarodrigues.com\/client\/stock\/politica-de-privacidade\/\" class=\"more-link\">&#8230;<span class=\"screen-reader-text\">  Pol\u00edtica de privacidade<\/span><\/a><\/p>\n","protected":false},"author":1,"featured_media":0,"parent":0,"menu_order":0,"comment_status":"closed","ping_status":"closed","template":"page-small.php","meta":{"_acf_changed":false,"footnotes":""},"class_list":["post-1001","page","type-page","status-publish","hentry"],"acf":[],"_links":{"self":[{"href":"https:\/\/wanessarodrigues.com\/client\/stock\/wp-json\/wp\/v2\/pages\/1001","targetHints":{"allow":["GET"]}}],"collection":[{"href":"https:\/\/wanessarodrigues.com\/client\/stock\/wp-json\/wp\/v2\/pages"}],"about":[{"href":"https:\/\/wanessarodrigues.com\/client\/stock\/wp-json\/wp\/v2\/types\/page"}],"author":[{"embeddable":true,"href":"https:\/\/wanessarodrigues.com\/client\/stock\/wp-json\/wp\/v2\/users\/1"}],"replies":[{"embeddable":true,"href":"https:\/\/wanessarodrigues.com\/client\/stock\/wp-json\/wp\/v2\/comments?post=1001"}],"version-history":[{"count":1,"href":"https:\/\/wanessarodrigues.com\/client\/stock\/wp-json\/wp\/v2\/pages\/1001\/revisions"}],"predecessor-version":[{"id":1002,"href":"https:\/\/wanessarodrigues.com\/client\/stock\/wp-json\/wp\/v2\/pages\/1001\/revisions\/1002"}],"wp:attachment":[{"href":"https:\/\/wanessarodrigues.com\/client\/stock\/wp-json\/wp\/v2\/media?parent=1001"}],"curies":[{"name":"wp","href":"https:\/\/api.w.org\/{rel}","templated":true}]}}