{"id":125,"date":"2025-05-22T15:09:11","date_gmt":"2025-05-22T18:09:11","guid":{"rendered":"http:\/\/localhost\/stock\/?page_id=125"},"modified":"2025-12-01T09:57:20","modified_gmt":"2025-12-01T12:57:20","slug":"sobre","status":"publish","type":"page","link":"https:\/\/wanessarodrigues.com\/client\/stock\/sobre\/","title":{"rendered":"Sobre a Stock Equipamentos"},"content":{"rendered":"\n<p>Desde 2003, a STOCK Equipamentos \u00e9 refer\u00eancia no fornecimento de ferramentas, m\u00e1quinas e EPIs para o setor industrial cearense. <strong>Nosso compromisso<\/strong> sempre foi claro: <strong>oferecer solu\u00e7\u00f5es completas com agilidade, seguran\u00e7a e confian\u00e7a<\/strong>.<\/p>\n\n\n\n<p>Com duas lojas, <strong>um centro de distribui\u00e7\u00e3o em Fortaleza e mais de 20 mil itens em estoque<\/strong>, atendemos com efici\u00eancia empresas de todos os portes. Nossa frota pr\u00f3pria garante entregas r\u00e1pidas em toda a regi\u00e3o metropolitana, e nossa equipe est\u00e1 preparada para entender e resolver as demandas do dia a dia da ind\u00fastria.<\/p>\n\n\n\n<p>Mais do que vender produtos, entregamos produtividade, economia e seguran\u00e7a. Nossos especialistas passam por treinamentos cont\u00ednuos com fabricantes e t\u00e9cnicos, e contamos com um desenvolvedor de produtos que visita empresas para identificar as melhores solu\u00e7\u00f5es t\u00e9cnicas e homologar materiais conforme as necessidades reais de produ\u00e7\u00e3o.<\/p>\n\n\n\n<p>Na STOCK, valorizamos o relacionamento, a transpar\u00eancia e a evolu\u00e7\u00e3o constante. Essa \u00e9 a base que constr\u00f3i, h\u00e1 mais de 20 anos, nossa trajet\u00f3ria de sucesso ao lado da ind\u00fastria.<\/p>\n","protected":false},"excerpt":{"rendered":"<p>Desde 2003, a STOCK Equipamentos \u00e9 refer\u00eancia no fornecimento de ferramentas, m\u00e1quinas e EPIs para o setor industrial cearense. Nosso compromisso sempre foi claro: oferecer solu\u00e7\u00f5es completas com agilidade, seguran\u00e7a e confian\u00e7a. Com duas lojas, um centro de distribui\u00e7\u00e3o em Fortaleza e mais de 20 mil itens em estoque, atendemos com efici\u00eancia empresas de todos <a href=\"https:\/\/wanessarodrigues.com\/client\/stock\/sobre\/\" class=\"more-link\">&#8230;<span class=\"screen-reader-text\">  Sobre a Stock Equipamentos<\/span><\/a><\/p>\n","protected":false},"author":1,"featured_media":1052,"parent":0,"menu_order":0,"comment_status":"closed","ping_status":"closed","template":"page-nossa-historia.php","meta":{"_acf_changed":false,"footnotes":""},"class_list":["post-125","page","type-page","status-publish","has-post-thumbnail","hentry"],"acf":[],"_links":{"self":[{"href":"https:\/\/wanessarodrigues.com\/client\/stock\/wp-json\/wp\/v2\/pages\/125","targetHints":{"allow":["GET"]}}],"collection":[{"href":"https:\/\/wanessarodrigues.com\/client\/stock\/wp-json\/wp\/v2\/pages"}],"about":[{"href":"https:\/\/wanessarodrigues.com\/client\/stock\/wp-json\/wp\/v2\/types\/page"}],"author":[{"embeddable":true,"href":"https:\/\/wanessarodrigues.com\/client\/stock\/wp-json\/wp\/v2\/users\/1"}],"replies":[{"embeddable":true,"href":"https:\/\/wanessarodrigues.com\/client\/stock\/wp-json\/wp\/v2\/comments?post=125"}],"version-history":[{"count":6,"href":"https:\/\/wanessarodrigues.com\/client\/stock\/wp-json\/wp\/v2\/pages\/125\/revisions"}],"predecessor-version":[{"id":1083,"href":"https:\/\/wanessarodrigues.com\/client\/stock\/wp-json\/wp\/v2\/pages\/125\/revisions\/1083"}],"wp:featuredmedia":[{"embeddable":true,"href":"https:\/\/wanessarodrigues.com\/client\/stock\/wp-json\/wp\/v2\/media\/1052"}],"wp:attachment":[{"href":"https:\/\/wanessarodrigues.com\/client\/stock\/wp-json\/wp\/v2\/media?parent=125"}],"curies":[{"name":"wp","href":"https:\/\/api.w.org\/{rel}","templated":true}]}}